{"id":32,"date":"2024-11-24T04:02:24","date_gmt":"2024-11-24T04:02:24","guid":{"rendered":"https:\/\/recrute.fleexstudio.com\/?page_id=32"},"modified":"2026-01-04T22:16:40","modified_gmt":"2026-01-04T21:16:40","slug":"contact","status":"publish","type":"page","link":"https:\/\/www.lamatcheuse.com\/en\/contact\/","title":{"rendered":"Contactez-nous"},"content":{"rendered":"<div data-elementor-type=\"wp-page\" data-elementor-id=\"32\" class=\"elementor elementor-32\">\n\t\t\t\t<div class=\"elementor-element elementor-element-58ecb1b e-con-full e-flex e-con e-parent\" data-id=\"58ecb1b\" data-element_type=\"container\">\n\t\t\t\t<div class=\"elementor-element elementor-element-c95bd69 elementor-widget elementor-widget-vl-contact\" data-id=\"c95bd69\" data-element_type=\"widget\" data-widget_type=\"vl-contact.default\">\n\t\t\t\t<div class=\"elementor-widget-container\">\n\t\t\t\t\t\n\n<div class=\"contact-page sp\">\n     <div class=\"container\">\n          <div class=\"row align-items-center\">\n               <div class=\"col-lg-6\">\n                    <div class=\"heading1\">\n\n                                                  <span class=\"span\">\u26a1 R\u00e9ponse garantie sous 2h<\/span>\n                         \n                                                  <h2>Parlons de vos enjeux RH, simplement et sans formalit\u00e9s<\/h2>\n                         \n                                                  <div class=\"space16\"><\/div>\n                         <p>Une question, un besoin urgent, un recrutement \u00e0 lancer, ou juste envie d\u2019\u00e9changer ? Contactez-nous.<\/p>\n                         \n                    <\/div>\n\n                    <div class=\"contact-page-box\">\n                         <div class=\"row\">\n\n                                                            <div class=\"col-lg-6\">\n                                   <div class=\"contact-box\">\n                                                                                <div class=\"icon\">\n                                             <img decoding=\"async\" src=\"https:\/\/recrute.fleexstudio.com\/wp-content\/uploads\/2024\/12\/Group.png\"\n                                                  alt=\"\">\n                                        <\/div>\n                                                                                <div class=\"heading1\">\n                                                                                          <p>T\u00e9l\u00e9phone<\/p>\n                                                                                                                                       <h4><a\n                                                       href=\"tel:+330744436668\">+33 07 44 43 66 68<\/a>\n                                             <\/h4>\n                                                                                     <\/div>\n                                   <\/div>\n                              <\/div>\n                                                            <div class=\"col-lg-6\">\n                                   <div class=\"contact-box\">\n                                                                                <div class=\"icon\">\n                                             <img decoding=\"async\" src=\"https:\/\/recrute.fleexstudio.com\/wp-content\/uploads\/2024\/12\/Group-1.png\"\n                                                  alt=\"\">\n                                        <\/div>\n                                                                                <div class=\"heading1\">\n                                                                                          <p>Email<\/p>\n                                                                                                                                       <h4><a\n                                                       href=\"mailto:contact@lamatcheuse.com\">contact@lamatcheuse.com<\/a>\n                                             <\/h4>\n                                                                                     <\/div>\n                                   <\/div>\n                              <\/div>\n                              \n                         <\/div>\n                    <\/div>\n               <\/div>\n\n               <div class=\"col-lg-6\">\n                    <div class=\"contact1-form\">\n                         <div class=\"heading1\">\n\n                                                            <h3>Prenez contact avec notre \u00e9quipe<\/h3>\n                              \n                                                            <div class=\"space16\"><\/div>\n                              <p>Nous sommes \u00e0 votre disposition pour r\u00e9pondre \u00e0 vos questions, \u00e9tudier votre besoin ou vous accompagner dans vos projets RH.<\/p>\n                              \n                         <\/div>\n                         <div class=\"space10\"><\/div>\n\n                         <div class=\"recrute-form\">\n                              <strong>Remarque :<\/strong> Tous les champs marqu\u00e9s d\u2019un <span style=\"color:red;\">*<\/span> sont obligatoires.<\/p>\n\n<div class=\"wpcf7 no-js\" id=\"wpcf7-f793-o1\" lang=\"en-US\" dir=\"ltr\" data-wpcf7-id=\"793\">\n<div class=\"screen-reader-response\"><p role=\"status\" aria-live=\"polite\" aria-atomic=\"true\"><\/p> <ul><\/ul><\/div>\n<form action=\"\/en\/wp-json\/wp\/v2\/pages\/32#wpcf7-f793-o1\" method=\"post\" class=\"wpcf7-form init\" aria-label=\"Contact form\" novalidate=\"novalidate\" data-status=\"init\" data-trp-original-action=\"\/en\/wp-json\/wp\/v2\/pages\/32#wpcf7-f793-o1\">\n<fieldset class=\"hidden-fields-container\"><input type=\"hidden\" name=\"_wpcf7\" value=\"793\" \/><input type=\"hidden\" name=\"_wpcf7_version\" value=\"6.1.4\" \/><input type=\"hidden\" name=\"_wpcf7_locale\" value=\"en_US\" \/><input type=\"hidden\" name=\"_wpcf7_unit_tag\" value=\"wpcf7-f793-o1\" \/><input type=\"hidden\" name=\"_wpcf7_container_post\" value=\"0\" \/><input type=\"hidden\" name=\"_wpcf7_posted_data_hash\" value=\"\" \/><input type=\"hidden\" name=\"_wpcf7cf_hidden_group_fields\" value=\"[]\" \/><input type=\"hidden\" name=\"_wpcf7cf_hidden_groups\" value=\"[]\" \/><input type=\"hidden\" name=\"_wpcf7cf_visible_groups\" value=\"[]\" \/><input type=\"hidden\" name=\"_wpcf7cf_repeaters\" value=\"[]\" \/><input type=\"hidden\" name=\"_wpcf7cf_steps\" value=\"{}\" \/><input type=\"hidden\" name=\"_wpcf7cf_options\" value=\"{&quot;form_id&quot;:793,&quot;conditions&quot;:[{&quot;then_field&quot;:&quot;group-company&quot;,&quot;and_rules&quot;:[{&quot;if_field&quot;:&quot;your-profile&quot;,&quot;operator&quot;:&quot;equals&quot;,&quot;if_value&quot;:&quot;Entreprise&quot;}]}],&quot;settings&quot;:{&quot;animation&quot;:&quot;yes&quot;,&quot;animation_intime&quot;:200,&quot;animation_outtime&quot;:200,&quot;conditions_ui&quot;:&quot;normal&quot;,&quot;notice_dismissed&quot;:false}}\" \/>\n<\/fieldset>\n<div class=\"row\">\n                                   <div class=\"col-md-12\">\n                                        <div class=\"single-input\">\n                                             <span class=\"wpcf7-form-control-wrap\" data-name=\"your-name\"><input size=\"40\" maxlength=\"400\" class=\"wpcf7-form-control wpcf7-text\" aria-invalid=\"false\" placeholder=\"Nom\" value=\"\" type=\"text\" name=\"your-name\" \/><\/span>\n                                        <\/div>\n                                   <\/div>\n\n                                   <div class=\"col-md-6\">\n                                        <div class=\"single-input\">\n                                             <span class=\"wpcf7-form-control-wrap\" data-name=\"your-email\"><input size=\"40\" maxlength=\"400\" class=\"wpcf7-form-control wpcf7-email wpcf7-validates-as-required wpcf7-text wpcf7-validates-as-email\" autocomplete=\"email\" aria-required=\"true\" aria-invalid=\"false\" placeholder=\"Email*\" value=\"\" type=\"email\" name=\"your-email\" \/><\/span>\n                                        <\/div>\n                                   <\/div>\n\n                                   <div class=\"col-md-6\">\n                                        <div class=\"single-input\">\n<span class=\"wpcf7-form-control-wrap\" data-name=\"your-phone\"><input size=\"40\" maxlength=\"10\" minlength=\"10\" class=\"wpcf7-form-control wpcf7-phonetext wpcf7-validates-as-required wpcf7-text wpcf7-validates-as-phonetext\" data-numberonly=\"true\" aria-required=\"true\" aria-invalid=\"false\" placeholder=\"T\u00e9l\u00e9phone*\" value=\"\" type=\"text\" name=\"your-phone\" \/><input type=\"hidden\" name=\"your-phone-country-code\" class=\"wpcf7-phonetext-country-code\" \/><\/span>\n                                        <\/div>\n                                   <\/div>\n\n                                   <div class=\"col-md-12\">\n                                        <div class=\"single-input\">\n                                             <span class=\"wpcf7-form-control-wrap\" data-name=\"your-profile\"><select class=\"wpcf7-form-control wpcf7-select wpcf7-validates-as-required\" aria-required=\"true\" aria-invalid=\"false\" name=\"your-profile\"><option value=\"\">\u2014 Type de profil* \u2014<\/option><option value=\"Candidat\">Candidat<\/option><option value=\"Entreprise\">Entreprise<\/option><\/select><\/span>\n                                        <\/div>\n                                   <\/div>\n\n                                  <div data-id=\"group-company\" data-orig_data_id=\"group-company\" data-clear_on_hide class=\"\" data-class=\"wpcf7cf_group\">\n                                     <div class=\"col-md-12\">\n                                        <div class=\"single-input\">\n                                             <span class=\"wpcf7-form-control-wrap\" data-name=\"your-company\"><input size=\"40\" maxlength=\"400\" class=\"wpcf7-form-control wpcf7-text\" aria-invalid=\"false\" placeholder=\"Nom de l\u2019entreprise\" value=\"\" type=\"text\" name=\"your-company\" \/><\/span>\n                                        <\/div>\n                                   <\/div>\n                                  <\/div>\n\n                                   \n\n                                   <div class=\"col-md-12\">\n                                        <div class=\"single-input\">\n                                             <span class=\"wpcf7-form-control-wrap\" data-name=\"your-subject\"><select class=\"wpcf7-form-control wpcf7-select wpcf7-validates-as-required\" aria-required=\"true\" aria-invalid=\"false\" name=\"your-subject\"><option value=\"\">\u2014 Type de demande* \u2014<\/option><option value=\"Recrutement\">Recrutement<\/option><option value=\"Conseil RH\">Conseil RH<\/option><option value=\"Candidature spontan\u00e9e\">Candidature spontan\u00e9e<\/option><option value=\"Autre\">Autre<\/option><\/select><\/span>\n                                        <\/div>\n                                   <\/div>\n\n                                   <div class=\"col-md-12\">\n                                        <div class=\"single-input\">\n                                             <span class=\"wpcf7-form-control-wrap\" data-name=\"your-message\"><textarea cols=\"40\" rows=\"10\" maxlength=\"2000\" class=\"wpcf7-form-control wpcf7-textarea\" aria-invalid=\"false\" placeholder=\"Message d\u00e9taill\u00e9\" name=\"your-message\"><\/textarea><\/span>\n                                        <\/div>\n                                   <\/div>\n\n                                   <div class=\"col-md-12\">\n<div class=\"space20\"><\/div>\n                                        <div class=\"button\">\n<button class=\"theme-btn1\">R\u00e9server mes 15 min gratuites<\/button>\n                                             \n                                        <\/div>\n                                   <\/div>\n\n                              <\/div><p style=\"display: none !important;\" class=\"akismet-fields-container\" data-prefix=\"_wpcf7_ak_\"><label>&#916;<textarea name=\"_wpcf7_ak_hp_textarea\" cols=\"45\" rows=\"8\" maxlength=\"100\"><\/textarea><\/label><input type=\"hidden\" id=\"ak_js_1\" name=\"_wpcf7_ak_js\" value=\"80\"\/><script>document.getElementById( \"ak_js_1\" ).setAttribute( \"value\", ( new Date() ).getTime() );<\/script><\/p><div class=\"wpcf7-response-output\" aria-hidden=\"true\"><\/div>\n<input type=\"hidden\" name=\"trp-form-language\" value=\"en\"\/><\/form>\n<\/div>\n                         <\/div>\n                    <\/div>\n               <\/div>\n\n          <\/div>\n     <\/div>\n<\/div>\n\n\n\n\n\t\t\t\t<\/div>\n\t\t\t\t<\/div>\n\t\t\t\t<\/div>\n\t\t<div class=\"elementor-element elementor-element-f6c948b e-con-full e-flex e-con e-parent\" data-id=\"f6c948b\" data-element_type=\"container\">\n\t\t\t\t<div class=\"elementor-element elementor-element-501e8f5 elementor-widget elementor-widget-google_maps\" data-id=\"501e8f5\" data-element_type=\"widget\" data-widget_type=\"google_maps.default\">\n\t\t\t\t\t\t\t<div class=\"elementor-custom-embed\">\n\t\t\t<iframe loading=\"lazy\"\n\t\t\t\t\tsrc=\"https:\/\/maps.google.com\/maps?q=123%20Rue%20de%20l%CA%BCEmploi%2C%20Paris%2C%20France&#038;t=m&#038;z=12&#038;output=embed&#038;iwloc=near\"\n\t\t\t\t\ttitle=\"123 Rue de l\u02bcEmploi, Paris, France\"\n\t\t\t\t\taria-label=\"123 Rue de l\u02bcEmploi, Paris, France\"\n\t\t\t><\/iframe>\n\t\t<\/div>\n\t\t\t\t\t\t<\/div>\n\t\t\t\t<\/div>\n\t\t\t\t<\/div>","protected":false},"excerpt":{"rendered":"<p>\u26a1 R\u00e9ponse garantie sous 2h Parlons de vos enjeux RH, simplement et sans formalit\u00e9s Une question, un besoin urgent, un recrutement \u00e0 lancer, ou juste envie d\u2019\u00e9changer ? Contactez-nous. T\u00e9l\u00e9phone +33 07 44 43 66 68 Email contact@lamatcheuse.com Prenez contact avec notre \u00e9quipe Nous sommes \u00e0 votre disposition pour r\u00e9pondre \u00e0 vos questions, \u00e9tudier votre [&hellip;]<\/p>","protected":false},"author":1,"featured_media":0,"parent":0,"menu_order":0,"comment_status":"closed","ping_status":"closed","template":"elementor_header_footer","meta":{"iawp_total_views":23,"footnotes":""},"class_list":["post-32","page","type-page","status-publish","hentry"],"_links":{"self":[{"href":"https:\/\/www.lamatcheuse.com\/en\/wp-json\/wp\/v2\/pages\/32","targetHints":{"allow":["GET"]}}],"collection":[{"href":"https:\/\/www.lamatcheuse.com\/en\/wp-json\/wp\/v2\/pages"}],"about":[{"href":"https:\/\/www.lamatcheuse.com\/en\/wp-json\/wp\/v2\/types\/page"}],"author":[{"embeddable":true,"href":"https:\/\/www.lamatcheuse.com\/en\/wp-json\/wp\/v2\/users\/1"}],"replies":[{"embeddable":true,"href":"https:\/\/www.lamatcheuse.com\/en\/wp-json\/wp\/v2\/comments?post=32"}],"version-history":[{"count":12,"href":"https:\/\/www.lamatcheuse.com\/en\/wp-json\/wp\/v2\/pages\/32\/revisions"}],"predecessor-version":[{"id":3528,"href":"https:\/\/www.lamatcheuse.com\/en\/wp-json\/wp\/v2\/pages\/32\/revisions\/3528"}],"wp:attachment":[{"href":"https:\/\/www.lamatcheuse.com\/en\/wp-json\/wp\/v2\/media?parent=32"}],"curies":[{"name":"wp","href":"https:\/\/api.w.org\/{rel}","templated":true}]}}