{"id":1071,"date":"2024-12-12T02:58:55","date_gmt":"2024-12-12T02:58:55","guid":{"rendered":"https:\/\/recrute.fleexstudio.com\/?page_id=1071"},"modified":"2025-11-22T21:02:40","modified_gmt":"2025-11-22T20:02:40","slug":"nos-services","status":"publish","type":"page","link":"https:\/\/www.lamatcheuse.com\/en\/nos-services\/","title":{"rendered":"Nos Services"},"content":{"rendered":"<div data-elementor-type=\"wp-page\" data-elementor-id=\"1071\" class=\"elementor elementor-1071\">\n\t\t\t\t<div class=\"elementor-element elementor-element-c8e3b95 e-con-full e-flex e-con e-parent\" data-id=\"c8e3b95\" data-element_type=\"container\">\n\t\t\t\t<div class=\"elementor-element elementor-element-b4ee632 elementor-widget elementor-widget-vl-services\" data-id=\"b4ee632\" data-element_type=\"widget\" data-widget_type=\"vl-services.default\">\n\t\t\t\t<div class=\"elementor-widget-container\">\n\t\t\t\t\t\n\n\n<div class=\"service1 service-page-service\">\n     <div class=\"container\">\n          <div class=\"row\">\n\n                              <div class=\"col-lg-4 col-md-6\">\n                    <div class=\"service1-box\">\n                         <div class=\"service1-box-bg-image\">\n                              <img fetchpriority=\"high\" decoding=\"async\" width=\"2000\" height=\"1333\" src=\"https:\/\/www.lamatcheuse.com\/wp-content\/uploads\/2025\/11\/recrutement-360.jpg\" class=\"attachment-post-thumbnail size-post-thumbnail wp-post-image\" alt=\"\" srcset=\"https:\/\/www.lamatcheuse.com\/wp-content\/uploads\/2025\/11\/recrutement-360.jpg 2000w, https:\/\/www.lamatcheuse.com\/wp-content\/uploads\/2025\/11\/recrutement-360-300x200.jpg 300w, https:\/\/www.lamatcheuse.com\/wp-content\/uploads\/2025\/11\/recrutement-360-1024x682.jpg 1024w, https:\/\/www.lamatcheuse.com\/wp-content\/uploads\/2025\/11\/recrutement-360-768x512.jpg 768w, https:\/\/www.lamatcheuse.com\/wp-content\/uploads\/2025\/11\/recrutement-360-1536x1024.jpg 1536w\" sizes=\"(max-width: 2000px) 100vw, 2000px\" \/>                         <\/div>\n                         <div class=\"hover-area\">\n                                                            <div class=\"icon\">\n                                   <img decoding=\"async\" src=\"https:\/\/www.lamatcheuse.com\/wp-content\/uploads\/2025\/11\/Group-1000009678.webp\" alt=\"\">\n                              <\/div>\n                              <div class=\"space16\"><\/div>\n                              \n                              <div class=\"heading1-w\">\n                                                                      <h4><a\n                                             href=\"https:\/\/www.lamatcheuse.com\/en\/services\/les-metiers-de-lit\/\">Les m\u00e9tiers de l\u2019IT<\/a>\n                                   <\/h4>\n                                   \n                                                                                                         \n                                   <p>Votre passerelle vers les talents technologiques qui transforment les entreprises. \u00a0 Le digital                                   <\/p>\n                                                                 <\/div>\n                         <\/div>\n                    <\/div>\n               <\/div>\n                              <div class=\"col-lg-4 col-md-6\">\n                    <div class=\"service1-box\">\n                         <div class=\"service1-box-bg-image\">\n                              <img decoding=\"async\" width=\"2000\" height=\"1331\" src=\"https:\/\/www.lamatcheuse.com\/wp-content\/uploads\/2025\/11\/tecnhnicien-enr.jpg\" class=\"attachment-post-thumbnail size-post-thumbnail wp-post-image\" alt=\"\" srcset=\"https:\/\/www.lamatcheuse.com\/wp-content\/uploads\/2025\/11\/tecnhnicien-enr.jpg 2000w, https:\/\/www.lamatcheuse.com\/wp-content\/uploads\/2025\/11\/tecnhnicien-enr-300x200.jpg 300w, https:\/\/www.lamatcheuse.com\/wp-content\/uploads\/2025\/11\/tecnhnicien-enr-1024x681.jpg 1024w, https:\/\/www.lamatcheuse.com\/wp-content\/uploads\/2025\/11\/tecnhnicien-enr-768x511.jpg 768w, https:\/\/www.lamatcheuse.com\/wp-content\/uploads\/2025\/11\/tecnhnicien-enr-1536x1022.jpg 1536w\" sizes=\"(max-width: 2000px) 100vw, 2000px\" \/>                         <\/div>\n                         <div class=\"hover-area\">\n                                                            <div class=\"icon\">\n                                   <img decoding=\"async\" src=\"https:\/\/www.lamatcheuse.com\/wp-content\/uploads\/2025\/11\/Group-1437253861.png\" alt=\"\">\n                              <\/div>\n                              <div class=\"space16\"><\/div>\n                              \n                              <div class=\"heading1-w\">\n                                                                      <h4><a\n                                             href=\"https:\/\/www.lamatcheuse.com\/en\/services\/les-metiers-de-lenergie-renouvelable\/\">Les m\u00e9tiers de l\u2019\u00c9nergie Renouvelable<\/a>\n                                   <\/h4>\n                                   \n                                                                                                         \n                                   <p>Trouvez les talents qui acc\u00e9l\u00e8rent la transition \u00e9nerg\u00e9tique. Le secteur de l\u2019\u00c9nergie Renouvelable                                   <\/p>\n                                                                 <\/div>\n                         <\/div>\n                    <\/div>\n               <\/div>\n               \n          <\/div>\n     <\/div>\n<\/div>\n\n\n\n\t\t\t\t<\/div>\n\t\t\t\t<\/div>\n\t\t\t\t<\/div>\n\t\t\t\t<\/div>","protected":false},"excerpt":{"rendered":"<p>Les m\u00e9tiers de l\u2019IT Du brief au contrat, nous g\u00e9rons tout. Vous, vous validez. \u00a0 Trouver la Les m\u00e9tiers de l\u2019\u00c9nergie Renouvelable Du brief au contrat, nous g\u00e9rons tout. Vous, vous validez. \u00a0 Trouver la<\/p>","protected":false},"author":1,"featured_media":0,"parent":0,"menu_order":0,"comment_status":"closed","ping_status":"closed","template":"elementor_header_footer","meta":{"iawp_total_views":11,"footnotes":""},"class_list":["post-1071","page","type-page","status-publish","hentry"],"_links":{"self":[{"href":"https:\/\/www.lamatcheuse.com\/en\/wp-json\/wp\/v2\/pages\/1071","targetHints":{"allow":["GET"]}}],"collection":[{"href":"https:\/\/www.lamatcheuse.com\/en\/wp-json\/wp\/v2\/pages"}],"about":[{"href":"https:\/\/www.lamatcheuse.com\/en\/wp-json\/wp\/v2\/types\/page"}],"author":[{"embeddable":true,"href":"https:\/\/www.lamatcheuse.com\/en\/wp-json\/wp\/v2\/users\/1"}],"replies":[{"embeddable":true,"href":"https:\/\/www.lamatcheuse.com\/en\/wp-json\/wp\/v2\/comments?post=1071"}],"version-history":[{"count":7,"href":"https:\/\/www.lamatcheuse.com\/en\/wp-json\/wp\/v2\/pages\/1071\/revisions"}],"predecessor-version":[{"id":3321,"href":"https:\/\/www.lamatcheuse.com\/en\/wp-json\/wp\/v2\/pages\/1071\/revisions\/3321"}],"wp:attachment":[{"href":"https:\/\/www.lamatcheuse.com\/en\/wp-json\/wp\/v2\/media?parent=1071"}],"curies":[{"name":"wp","href":"https:\/\/api.w.org\/{rel}","templated":true}]}}