{"id":1061,"date":"2024-12-11T13:56:17","date_gmt":"2024-12-11T13:56:17","guid":{"rendered":"https:\/\/recrute.fleexstudio.com\/?page_id=1061"},"modified":"2026-01-04T21:25:46","modified_gmt":"2026-01-04T20:25:46","slug":"a-propos","status":"publish","type":"page","link":"https:\/\/www.lamatcheuse.com\/en\/a-propos\/","title":{"rendered":"La Matcheuse"},"content":{"rendered":"<div data-elementor-type=\"wp-page\" data-elementor-id=\"1061\" class=\"elementor elementor-1061\">\n\t\t\t\t<div class=\"elementor-element elementor-element-3406efe e-flex e-con-boxed e-con e-parent\" data-id=\"3406efe\" data-element_type=\"container\">\n\t\t\t\t\t<div class=\"e-con-inner\">\n\t\t<div class=\"elementor-element elementor-element-d8d6bda e-con-full e-flex e-con e-child\" data-id=\"d8d6bda\" data-element_type=\"container\">\n\t\t\t\t<div class=\"elementor-element elementor-element-107b89b elementor-widget elementor-widget-image\" data-id=\"107b89b\" data-element_type=\"widget\" data-widget_type=\"image.default\">\n\t\t\t\t\t\t\t\t\t\t\t\t\t\t\t<img fetchpriority=\"high\" decoding=\"async\" width=\"640\" height=\"427\" src=\"https:\/\/www.lamatcheuse.com\/wp-content\/uploads\/2025\/08\/pexels-alex-green-5699475.jpg\" class=\"attachment-full size-full wp-image-81\" alt=\"\" srcset=\"https:\/\/www.lamatcheuse.com\/wp-content\/uploads\/2025\/08\/pexels-alex-green-5699475.jpg 640w, https:\/\/www.lamatcheuse.com\/wp-content\/uploads\/2025\/08\/pexels-alex-green-5699475-300x200.jpg 300w\" sizes=\"(max-width: 640px) 100vw, 640px\" \/>\t\t\t\t\t\t\t\t\t\t\t\t\t\t\t<\/div>\n\t\t\t\t<\/div>\n\t\t<div class=\"elementor-element elementor-element-255a5d0 e-con-full e-flex e-con e-child\" data-id=\"255a5d0\" data-element_type=\"container\">\n\t\t\t\t<div class=\"elementor-element elementor-element-dbc8fd0 elementor-widget elementor-widget-vl-heading\" data-id=\"dbc8fd0\" data-element_type=\"widget\" data-widget_type=\"vl-heading.default\">\n\t\t\t\t<div class=\"elementor-widget-container\">\n\t\t\t\t\t\n     <div class=\"heading1\">\n\n                    <span class=\"span\" data-aos=\"zoom-in-left\" data-aos-duration=\"700\">\n                              L\u2019humain au c\u0153ur de la strat\u00e9gie          <\/span>\n          \n                    <h2 class=\"text-anime-style-3\">Renforcer les \u00e9quipes, transformer l\u2019avenir<\/h2>\n          \n          \n     <\/div>\n\n\t\t\t\t<\/div>\n\t\t\t\t<\/div>\n\t\t\t\t<div class=\"elementor-element elementor-element-0b84cac elementor-widget elementor-widget-text-editor\" data-id=\"0b84cac\" data-element_type=\"widget\" data-widget_type=\"text-editor.default\">\n\t\t\t\t\t\t\t\t\t<p data-start=\"135\" data-end=\"253\"><span style=\"font-size: 18px;\">Nous croyons que <strong>les entreprises les plus performantes reposent sur des femmes et des hommes d\u2019exception. <\/strong><\/span><span style=\"font-size: 18px;\">Sp\u00e9cialis\u00e9s dans le recrutement par approche directe, dans les domaines IT et \u00c9nergies Renouvelables. nous accompagnons les entreprises \u00e0 attirer les talents qui feront la diff\u00e9rence.<\/span><\/p><p data-start=\"454\" data-end=\"752\"><span style=\"font-size: 18px;\">Notre mission : <strong>simplifier et optimiser votre processus de recrutement,<\/strong> le rendre plus rapide, plus pr\u00e9cis et humain. Nous vous accompagnons dans la construction d\u2019\u00e9quipes engag\u00e9es, comp\u00e9tentes et fiables capables de soutenir vos enjeux pr\u00e9sents et d\u2019acc\u00e9l\u00e9rer votre croissance future.<\/span><\/p><p data-start=\"754\" data-end=\"833\" data-is-last-node=\"\" data-is-only-node=\"\"><span style=\"font-size: 18px;\">Ensemble, donnons \u00e0 votre entreprise l\u2019\u00e9nergie et les talents qu\u2019elle m\u00e9rite.<\/span><\/p>\t\t\t\t\t\t\t\t<\/div>\n\t\t\t\t<div class=\"elementor-element elementor-element-9a16072 elementor-widget elementor-widget-vl-button\" data-id=\"9a16072\" data-element_type=\"widget\" data-widget_type=\"vl-button.default\">\n\t\t\t\t<div class=\"elementor-widget-container\">\n\t\t\t\t\t\n                                        <a class=\"theme-btn1\" href=\"\/en\/contact\/\">Parler \u00e0 un expert \n                                        <span><i class=\"fa-solid fa-arrow-right\"><\/i><\/span>\n                                   <\/a>\n              \n          \n          \t\t\t\t<\/div>\n\t\t\t\t<\/div>\n\t\t\t\t<\/div>\n\t\t\t\t\t<\/div>\n\t\t\t\t<\/div>\n\t\t<div class=\"elementor-element elementor-element-50e198e e-con-full e-flex e-con e-parent\" data-id=\"50e198e\" data-element_type=\"container\" data-settings=\"{&quot;background_background&quot;:&quot;classic&quot;}\">\n\t\t<div class=\"elementor-element elementor-element-b44281b e-flex e-con-boxed e-con e-child\" data-id=\"b44281b\" data-element_type=\"container\">\n\t\t\t\t\t<div class=\"e-con-inner\">\n\t\t<div class=\"elementor-element elementor-element-b39a68a e-con-full e-flex e-con e-child\" data-id=\"b39a68a\" data-element_type=\"container\">\n\t\t\t\t<div class=\"elementor-element elementor-element-b79c2b6 elementor-widget elementor-widget-vl-heading\" data-id=\"b79c2b6\" data-element_type=\"widget\" data-widget_type=\"vl-heading.default\">\n\t\t\t\t<div class=\"elementor-widget-container\">\n\t\t\t\t\t\n     <div class=\"heading1\">\n\n          \n                    <h2 class=\"text-anime-style-3\">Notre histoire<\/h2>\n          \n                    <div class=\"space16\"><\/div>\n          <p data-aos=\"fade-up\" data-aos-duration=\"800\">Notre parcours a commenc\u00e9 avec une id\u00e9e claire : &quot;Recruter autrement&quot; pour un recrutement plus humain et plus efficace.<\/p>\n          \n     <\/div>\n\n\t\t\t\t<\/div>\n\t\t\t\t<\/div>\n\t\t\t\t<\/div>\n\t\t\t\t\t<\/div>\n\t\t\t\t<\/div>\n\t\t<div class=\"elementor-element elementor-element-7a5d880 e-flex e-con-boxed e-con e-child\" data-id=\"7a5d880\" data-element_type=\"container\">\n\t\t\t\t\t<div class=\"e-con-inner\">\n\t\t<div class=\"elementor-element elementor-element-8c5d2ec e-con-full e-flex e-con e-child\" data-id=\"8c5d2ec\" data-element_type=\"container\">\n\t\t\t\t<div class=\"elementor-element elementor-element-2c807fb elementor-widget elementor-widget-image\" data-id=\"2c807fb\" data-element_type=\"widget\" data-widget_type=\"image.default\">\n\t\t\t\t\t\t\t\t\t\t\t\t\t\t\t<img fetchpriority=\"high\" decoding=\"async\" width=\"640\" height=\"427\" src=\"https:\/\/www.lamatcheuse.com\/wp-content\/uploads\/2025\/08\/pexels-alex-green-5699475.jpg\" class=\"attachment-full size-full wp-image-81\" alt=\"\" srcset=\"https:\/\/www.lamatcheuse.com\/wp-content\/uploads\/2025\/08\/pexels-alex-green-5699475.jpg 640w, https:\/\/www.lamatcheuse.com\/wp-content\/uploads\/2025\/08\/pexels-alex-green-5699475-300x200.jpg 300w\" sizes=\"(max-width: 640px) 100vw, 640px\" \/>\t\t\t\t\t\t\t\t\t\t\t\t\t\t\t<\/div>\n\t\t\t\t<\/div>\n\t\t<div class=\"elementor-element elementor-element-ce7d9ad e-con-full e-flex e-con e-child\" data-id=\"ce7d9ad\" data-element_type=\"container\">\n\t\t\t\t<div class=\"elementor-element elementor-element-51b0835 elementor-widget elementor-widget-text-editor\" data-id=\"51b0835\" data-element_type=\"widget\" data-widget_type=\"text-editor.default\">\n\t\t\t\t\t\t\t\t\t<p data-start=\"1372\" data-end=\"1430\"><span style=\"font-family: georgia, palatino; font-size: 16px;\">Face \u00e0 la p\u00e9nurie de talents et \u00e0 la concurrence le recrutement devient un enjeu important pour les entreprises.\u00a0<\/span><\/p><p data-start=\"1372\" data-end=\"1430\"><span style=\"font-size: 16px; font-family: georgia, palatino;\">C\u2019est pourquoi nous avons cr\u00e9\u00e9 une approche diff\u00e9rente \u00ab\u00a0Recruter autrement\u00a0\u00bb:<\/span><\/p><ul data-start=\"1431\" data-end=\"1561\"><li data-start=\"1431\" data-end=\"1456\"><p data-start=\"1433\" data-end=\"1456\"><span style=\"font-size: 16px; font-family: georgia, palatino;\">centr\u00e9e sur l\u2019humain,<\/span><\/p><\/li><li data-start=\"1457\" data-end=\"1506\"><p data-start=\"1459\" data-end=\"1506\"><span style=\"font-size: 16px; font-family: georgia, palatino;\">guid\u00e9e par la compr\u00e9hension de votre culture,<\/span><\/p><\/li><li data-start=\"1507\" data-end=\"1561\"><p data-start=\"1509\" data-end=\"1561\"><span style=\"font-size: 16px; font-family: georgia, palatino;\">soutenue par une s\u00e9lection rigoureuse et m\u00e9thodique.<\/span><\/p><\/li><\/ul><p data-start=\"1563\" data-end=\"1783\"><span style=\"font-size: 16px; font-family: georgia, palatino;\">Nous accompagnons\u00a0 les entreprises \u00e9voluant dans les secteurs cl\u00e9s de demain : <strong data-start=\"1693\" data-end=\"1761\">transition \u00e9nerg\u00e9tique, digitalisation, innovation technologique<\/strong>, et bien plus encore.<\/span><\/p><p data-start=\"1785\" data-end=\"1905\"><span style=\"font-size: 16px; font-family: georgia, palatino;\"><strong data-start=\"1844\" data-end=\"1870\">Assemblons ensemble des \u00e9quipes<\/strong> stables, engag\u00e9es et performantes!<\/span><\/p>\t\t\t\t\t\t\t\t<\/div>\n\t\t\t\t<\/div>\n\t\t\t\t\t<\/div>\n\t\t\t\t<\/div>\n\t\t<div class=\"elementor-element elementor-element-115a91c e-con-full e-flex e-con e-child\" data-id=\"115a91c\" data-element_type=\"container\">\n\t\t\t\t<div class=\"elementor-element elementor-element-f07dc89 elementor-widget elementor-widget-vl-button\" data-id=\"f07dc89\" data-element_type=\"widget\" data-widget_type=\"vl-button.default\">\n\t\t\t\t<div class=\"elementor-widget-container\">\n\t\t\t\t\t\n                                        <a class=\"theme-btn1\" href=\"\/en\/contact\/\">Demander un diagnostic gratuit \n                                        <span><i class=\"fa-solid fa-arrow-right\"><\/i><\/span>\n                                   <\/a>\n              \n          \n          \t\t\t\t<\/div>\n\t\t\t\t<\/div>\n\t\t\t\t<\/div>\n\t\t\t\t<\/div>\n\t\t<div class=\"elementor-element elementor-element-524e804 e-con-full e-flex e-con e-parent\" data-id=\"524e804\" data-element_type=\"container\" data-settings=\"{&quot;background_background&quot;:&quot;classic&quot;}\">\n\t\t<div class=\"elementor-element elementor-element-c74cd86 e-flex e-con-boxed e-con e-child\" data-id=\"c74cd86\" data-element_type=\"container\">\n\t\t\t\t\t<div class=\"e-con-inner\">\n\t\t<div class=\"elementor-element elementor-element-c16e62a e-con-full e-flex e-con e-child\" data-id=\"c16e62a\" data-element_type=\"container\">\n\t\t\t\t<div class=\"elementor-element elementor-element-390c4c7 elementor-widget elementor-widget-vl-heading\" data-id=\"390c4c7\" data-element_type=\"widget\" data-widget_type=\"vl-heading.default\">\n\t\t\t\t<div class=\"elementor-widget-container\">\n\t\t\t\t\t\n     <div class=\"heading1\">\n\n                    <span class=\"span\" data-aos=\"zoom-in-left\" data-aos-duration=\"700\">\n                              Notre \u00e9quipe          <\/span>\n          \n                    <h2 class=\"text-anime-style-3\">Des experts engag\u00e9s, d\u00e9di\u00e9s \u00e0 votre r\u00e9ussite<\/h2>\n          \n                    <div class=\"space16\"><\/div>\n          <p data-aos=\"fade-up\" data-aos-duration=\"800\">Derri\u00e8re chaque mission que nous menons, il y a une \u00e9quipe passionn\u00e9e par un m\u00eame objectif : trouver les talents qui feront grandir votre entreprise.<\/p>\n          \n     <\/div>\n\n\t\t\t\t<\/div>\n\t\t\t\t<\/div>\n\t\t\t\t<\/div>\n\t\t\t\t\t<\/div>\n\t\t\t\t<\/div>\n\t\t<div class=\"elementor-element elementor-element-a3aba4b e-flex e-con-boxed e-con e-child\" data-id=\"a3aba4b\" data-element_type=\"container\">\n\t\t\t\t\t<div class=\"e-con-inner\">\n\t\t<div class=\"elementor-element elementor-element-b20a3e5 e-grid e-con-full e-con e-child\" data-id=\"b20a3e5\" data-element_type=\"container\">\n\t\t\t\t<div class=\"elementor-element elementor-element-77767ec elementor-widget elementor-widget-vl-team\" data-id=\"77767ec\" data-element_type=\"widget\" data-widget_type=\"vl-team.default\">\n\t\t\t\t<div class=\"elementor-widget-container\">\n\t\t\t\t\t\n<div class=\"team1\">\n\n     <div class=\"team1-box overlay-anim\">\n                    <div class=\"image\">\n               <img decoding=\"async\" src=\"https:\/\/www.lamatcheuse.com\/wp-content\/uploads\/2025\/11\/esperance-niambi3-e1764189918896.jpeg\" alt=\"\">\n          <\/div>\n          \n          <div class=\"heading-area\">\n               <div class=\"heading1\">\n\n                                        <h4><a href=\"\">Esp\u00e9rance NIAMBI<\/a><\/h4>\n                    \n                                        <p>Consultante en Recrutement<\/p>\n                    \n               <\/div>\n\n               <div class=\"icons\">\n                    <ul>\n                         \n                         \n                                                  <li><a href=\"https:\/\/www.linkedin.com\/in\/esp%C3%A9rance-niambi\/\" rel=\"nofollow noopener\" target=\"_blank\"><i class=\"fa-brands fa-linkedin-in\"><\/i><\/a><\/li>\n                         \n                         \n                    <\/ul>\n               <\/div>\n\n          <\/div>\n\n     <\/div>\n\n<\/div>\n\n\n\n\n\t\t\t\t<\/div>\n\t\t\t\t<\/div>\n\t\t\t\t<\/div>\n\t\t\t\t\t<\/div>\n\t\t\t\t<\/div>\n\t\t\t\t<\/div>\n\t\t\t\t<\/div>","protected":false},"excerpt":{"rendered":"<p>L\u2019humain au c\u0153ur de la strat\u00e9gie Renforcer les \u00e9quipes, transformer l\u2019avenir Nous croyons que les entreprises les plus performantes reposent sur des femmes et des hommes d\u2019exception. Sp\u00e9cialis\u00e9s dans le recrutement par approche directe, dans les domaines IT et \u00c9nergies Renouvelables. nous accompagnons les entreprises \u00e0 attirer les talents qui feront la diff\u00e9rence. Notre mission [&hellip;]<\/p>","protected":false},"author":1,"featured_media":0,"parent":0,"menu_order":0,"comment_status":"closed","ping_status":"closed","template":"elementor_header_footer","meta":{"iawp_total_views":11,"footnotes":""},"class_list":["post-1061","page","type-page","status-publish","hentry"],"_links":{"self":[{"href":"https:\/\/www.lamatcheuse.com\/en\/wp-json\/wp\/v2\/pages\/1061","targetHints":{"allow":["GET"]}}],"collection":[{"href":"https:\/\/www.lamatcheuse.com\/en\/wp-json\/wp\/v2\/pages"}],"about":[{"href":"https:\/\/www.lamatcheuse.com\/en\/wp-json\/wp\/v2\/types\/page"}],"author":[{"embeddable":true,"href":"https:\/\/www.lamatcheuse.com\/en\/wp-json\/wp\/v2\/users\/1"}],"replies":[{"embeddable":true,"href":"https:\/\/www.lamatcheuse.com\/en\/wp-json\/wp\/v2\/comments?post=1061"}],"version-history":[{"count":31,"href":"https:\/\/www.lamatcheuse.com\/en\/wp-json\/wp\/v2\/pages\/1061\/revisions"}],"predecessor-version":[{"id":3525,"href":"https:\/\/www.lamatcheuse.com\/en\/wp-json\/wp\/v2\/pages\/1061\/revisions\/3525"}],"wp:attachment":[{"href":"https:\/\/www.lamatcheuse.com\/en\/wp-json\/wp\/v2\/media?parent=1061"}],"curies":[{"name":"wp","href":"https:\/\/api.w.org\/{rel}","templated":true}]}}